{"id":1229,"date":"2016-11-21T12:00:15","date_gmt":"2016-11-21T11:00:15","guid":{"rendered":"http:\/\/www.tirolerkreuz.com\/impressum\/"},"modified":"2022-12-09T17:40:29","modified_gmt":"2022-12-09T16:40:29","slug":"colophon","status":"publish","type":"page","link":"https:\/\/www.tirolerkreuz.com\/it\/colophon\/","title":{"rendered":"Colophon &#038; Privacy"},"content":{"rendered":"\n<style type=\"text\/css\" data-created_by=\"avia_inline_auto\" id=\"style-css-av-39p25-7f1c5f1014ce244a0aad500c93ff047f\">\n.flex_column.av-39p25-7f1c5f1014ce244a0aad500c93ff047f{\nborder-radius:0px 0px 0px 0px;\npadding:0px 0px 0px 0px;\n}\n<\/style>\n<div  class='flex_column av-39p25-7f1c5f1014ce244a0aad500c93ff047f av_one_half  avia-builder-el-0  el_before_av_one_half  avia-builder-el-first  first flex_column_div av-zero-column-padding  '     ><section  class='av_textblock_section av-70eykt-255eadb732b9369b0f7119f9c9a5c7c4 '   itemscope=\"itemscope\" itemtype=\"https:\/\/schema.org\/CreativeWork\" ><div class='avia_textblock'  itemprop=\"text\" ><p><strong>Responsabile per il contenuto:<\/strong><br \/>\nGasthof Tiroler Kreuz<br \/>\nd. Widmair Karlheinz &amp; Co. KG<br \/>\nTel.+39 0473 923 304<br \/>\nFax +39 0473 923 200<br \/>\nvia Aslago,\u00a0117 &#8211; 39019 Tirolo (BZ)<br \/>\nP.IVA: 01300700216<br \/>\nE-mail: <a href=\"mailto:info@localhost\">info [at] tirolerkreuz.com<\/a><\/p>\n<\/div><\/section><\/div>\n\n<style type=\"text\/css\" data-created_by=\"avia_inline_auto\" id=\"style-css-av-61mtf1-de0dd0016d91c1c60dd7e5af92318d80\">\n.flex_column.av-61mtf1-de0dd0016d91c1c60dd7e5af92318d80{\nborder-radius:0px 0px 0px 0px;\npadding:0px 0px 0px 0px;\n}\n<\/style>\n<div  class='flex_column av-61mtf1-de0dd0016d91c1c60dd7e5af92318d80 av_one_half  avia-builder-el-2  el_after_av_one_half  el_before_av_section  avia-builder-el-last  flex_column_div av-zero-column-padding  '     ><section  class='av_textblock_section av-4vwrcd-4def5ce6ddc90a5e1d430a580afbceef '   itemscope=\"itemscope\" itemtype=\"https:\/\/schema.org\/CreativeWork\" ><div class='avia_textblock'  itemprop=\"text\" ><p><strong>Concetto\u00a0&amp; Design:<\/strong><br \/>\nandale grafic<br \/>\nAndreas Ortner &amp; Peter Duschek<br \/>\n39012 MERANO<br \/>\nvicolo Passiria,\u00a02\/A<br \/>\nTel. +39 0473 690 989<br \/>\nEmail: <a href=\"mailto:office@andale.info\">office[at]andale.info<\/a><br \/>\nWeb: <a href=\"https:\/\/andale.info\/\" target=\"_blank\" rel=\"noopener\">andale.info<\/a><\/p>\n<\/div><\/section><\/div>\n<\/div><\/div><\/div><!-- close content main div --><\/div><\/div><div id='av_section_1'  class='avia-section av-364lwd-856096cd7c8b8ab74316c762c62bac39 alternate_color avia-section-default avia-no-shadow  avia-builder-el-4  el_after_av_one_half  avia-builder-el-last  avia-bg-style-scroll container_wrap fullsize'  ><div class='container av-section-cont-open' ><div class='template-page content  av-content-full alpha units'><div class='post-entry post-entry-type-page post-entry-1229'><div class='entry-content-wrapper clearfix'>\n<section  class='av_textblock_section av-jhlrdi00-6d254a079b230ba804080f99a97564f1 '   itemscope=\"itemscope\" itemtype=\"https:\/\/schema.org\/CreativeWork\" ><div class='avia_textblock'  itemprop=\"text\" ><p><strong>ESCLUSIONE DI RESPONSABILIT\u00c0:<\/strong><br \/>\nGASTHOF TIROLER KREUZ di Widmair Karlheinz non sar\u00e0 responsabile per il trattamento di dati personali effettuato da soggetti terzi ai quali sono stati comunicati i dati.<\/p>\n<p><strong>COPYRIGHT:<\/strong><br \/>\nI diritti d\u2019autore dei contenuti del sito web GASTHOF TIROLER KREUZ sono protetti. Tutti gli elementi dell\u2019interfaccia grafica e le immagini che non siano gi\u00e0 protette dal diritto d\u2019autore \u2013 \u00e8 di propriet\u00e0 e copyright di GASTHOF TIROLER KREUZ. La riproduzione di informazioni, soprattutto l\u2019utilizzo di immagini o testi necessita della previa autorizzazione di GASTHOF TIROLER KREUZ.<\/p>\n<p><strong>FONTE IMMAGINI:<\/strong><br \/>\n\u00a9 Associazione Turistica Tirolo \u00a9 I giardini di Castel Trauttmansdorff\/Merano, \u00a9 Therme Merano\/Prossliner \u00a9 photocreo \u2013 Fotolia.com, \u00a9 Rido \u2013 Fotolia.com, \u00a9 ExQuisine \u2013 Fotolia.com, \u00a9 HLPhoto \u2013 Fotolia.com, \u00a9 caldix \u2013 Fotolia.com, \u00a9 photocrew \u2013 Fotolia.com, \u00a9 Minerva Studio \u2013 Fotolia.com, \u00a9 Gorilla \u2013 Fotolia.com<\/p>\n<p><strong>ESCLUSIONE DI RESPONSABILIT\u00c0:<\/strong><br \/>\nGASTHOF TIROLER KREUZ \u00e8 impegnato a provvedere alla correttezza delle informazioni contenute nel presente sito web. Comunque non si garantisce per l\u2019attualit\u00e0, correttezza e completezza delle informazioni rese a disposizione. Inoltre, GASTHOF TIROLER KREUZ non \u00e8 responsabile per il contenuto dei siti esterni connessi tramite hyperlink. GASTHOF TIROLER KREUZ si riserva il diritto di cambiare o completare le informazioni rese a disposizione senza preavviso.<\/p>\n<p>Informazione obbligatoria ai sensi del Regolamento UE n. 524\/2016 del Parlamento europeo e del Consiglio Piattaforma per la risoluzione delle controversie online dei consumatori (ODR) della Commissione europea: <a href=\"https:\/\/ec.europa.eu\/consumers\/odr\/\" target=\"_blank\" rel=\"noopener\">https:\/\/ec.europa.eu\/consumers\/odr\/<\/a><\/p>\n<p><strong>TRANSPARENZ:<\/strong><br \/>\nVer\u00f6ffentlichung und Transparenz gem\u00e4\u00df Gesetz vom 4. August 2017, 124 ff in geltender Fassung.<br \/>\n<a href=\"https:\/\/www.rna.gov.it\/RegistroNazionaleTrasparenza\/faces\/pages\/TrasparenzaAiuto.jspx\" target=\"_blank\" rel=\"noopener\">https:\/\/www.rna.gov.it\/RegistroNazionaleTrasparenza\/faces\/pages\/TrasparenzaAiuto.jspx<\/a><\/p>\n<\/div><\/section>\n\n","protected":false},"excerpt":{"rendered":"","protected":false},"author":5022,"featured_media":1216,"parent":0,"menu_order":0,"comment_status":"closed","ping_status":"closed","template":"","meta":{"footnotes":""},"class_list":["post-1229","page","type-page","status-publish","has-post-thumbnail","hentry"],"yoast_head":"<!-- This site is optimized with the Yoast SEO plugin v27.5 - https:\/\/yoast.com\/product\/yoast-seo-wordpress\/ -->\n<title>Colophon - Hotel Ristorante Tiroler Kreuz - Tirolo presso Merano<\/title>\n<meta name=\"description\" content=\"Colophon: Hotel Ristorante Tiroler Kreuz d. Widmair Karlheinz &amp; Co. KG - Tel.+39 0473 923 304 - via Aslago, 117 - 39019 Tirolo (BZ) - P.IVA: 01300700216\" \/>\n<meta name=\"robots\" content=\"index, follow, max-snippet:-1, max-image-preview:large, max-video-preview:-1\" \/>\n<link rel=\"canonical\" href=\"https:\/\/www.tirolerkreuz.com\/it\/colophon\/\" \/>\n<meta property=\"og:locale\" content=\"it_IT\" \/>\n<meta property=\"og:type\" content=\"article\" \/>\n<meta property=\"og:title\" content=\"Colophon - Hotel Ristorante Tiroler Kreuz - Tirolo presso Merano\" \/>\n<meta property=\"og:description\" content=\"Colophon: Hotel Ristorante Tiroler Kreuz d. Widmair Karlheinz &amp; Co. KG - Tel.+39 0473 923 304 - via Aslago, 117 - 39019 Tirolo (BZ) - P.IVA: 01300700216\" \/>\n<meta property=\"og:url\" content=\"https:\/\/www.tirolerkreuz.com\/it\/colophon\/\" \/>\n<meta property=\"og:site_name\" content=\"Hotel Restaurant in Dorf Tirol bei Meran: Tiroler Kreuz\" \/>\n<meta property=\"article:modified_time\" content=\"2022-12-09T16:40:29+00:00\" \/>\n<meta property=\"og:image\" content=\"https:\/\/www.tirolerkreuz.com\/wp-content\/uploads\/2016\/11\/tiroler-kreuz_wandern-familie-widmair.jpg\" \/>\n\t<meta property=\"og:image:width\" content=\"1030\" \/>\n\t<meta property=\"og:image:height\" content=\"687\" \/>\n\t<meta property=\"og:image:type\" content=\"image\/jpeg\" \/>\n<meta name=\"twitter:card\" content=\"summary_large_image\" \/>\n<meta name=\"twitter:label1\" content=\"Tempo di lettura stimato\" \/>\n\t<meta name=\"twitter:data1\" content=\"3 minuti\" \/>\n<script type=\"application\/ld+json\" class=\"yoast-schema-graph\">{\"@context\":\"https:\\\/\\\/schema.org\",\"@graph\":[{\"@type\":\"WebPage\",\"@id\":\"https:\\\/\\\/www.tirolerkreuz.com\\\/it\\\/colophon\\\/\",\"url\":\"https:\\\/\\\/www.tirolerkreuz.com\\\/it\\\/colophon\\\/\",\"name\":\"Colophon - Hotel Ristorante Tiroler Kreuz - Tirolo presso Merano\",\"isPartOf\":{\"@id\":\"https:\\\/\\\/www.tirolerkreuz.com\\\/it\\\/#website\"},\"primaryImageOfPage\":{\"@id\":\"https:\\\/\\\/www.tirolerkreuz.com\\\/it\\\/colophon\\\/#primaryimage\"},\"image\":{\"@id\":\"https:\\\/\\\/www.tirolerkreuz.com\\\/it\\\/colophon\\\/#primaryimage\"},\"thumbnailUrl\":\"https:\\\/\\\/www.tirolerkreuz.com\\\/wp-content\\\/uploads\\\/2016\\\/11\\\/tiroler-kreuz_wandern-familie-widmair.jpg\",\"datePublished\":\"2016-11-21T11:00:15+00:00\",\"dateModified\":\"2022-12-09T16:40:29+00:00\",\"description\":\"Colophon: Hotel Ristorante Tiroler Kreuz d. Widmair Karlheinz & Co. KG - Tel.+39 0473 923 304 - via Aslago, 117 - 39019 Tirolo (BZ) - P.IVA: 01300700216\",\"breadcrumb\":{\"@id\":\"https:\\\/\\\/www.tirolerkreuz.com\\\/it\\\/colophon\\\/#breadcrumb\"},\"inLanguage\":\"it-IT\",\"potentialAction\":[{\"@type\":\"ReadAction\",\"target\":[\"https:\\\/\\\/www.tirolerkreuz.com\\\/it\\\/colophon\\\/\"]}]},{\"@type\":\"ImageObject\",\"inLanguage\":\"it-IT\",\"@id\":\"https:\\\/\\\/www.tirolerkreuz.com\\\/it\\\/colophon\\\/#primaryimage\",\"url\":\"https:\\\/\\\/www.tirolerkreuz.com\\\/wp-content\\\/uploads\\\/2016\\\/11\\\/tiroler-kreuz_wandern-familie-widmair.jpg\",\"contentUrl\":\"https:\\\/\\\/www.tirolerkreuz.com\\\/wp-content\\\/uploads\\\/2016\\\/11\\\/tiroler-kreuz_wandern-familie-widmair.jpg\",\"width\":1030,\"height\":687,\"caption\":\"Colophon\"},{\"@type\":\"BreadcrumbList\",\"@id\":\"https:\\\/\\\/www.tirolerkreuz.com\\\/it\\\/colophon\\\/#breadcrumb\",\"itemListElement\":[{\"@type\":\"ListItem\",\"position\":1,\"name\":\"Startseite\",\"item\":\"https:\\\/\\\/www.tirolerkreuz.com\\\/it\\\/benvenuti-nel-paese-di-tirolo-presso-merano\\\/\"},{\"@type\":\"ListItem\",\"position\":2,\"name\":\"Colophon &#038; Privacy\"}]},{\"@type\":\"WebSite\",\"@id\":\"https:\\\/\\\/www.tirolerkreuz.com\\\/it\\\/#website\",\"url\":\"https:\\\/\\\/www.tirolerkreuz.com\\\/it\\\/\",\"name\":\"Hotel Restaurant in Dorf Tirol bei Meran: Tiroler Kreuz\",\"description\":\"Willkommen im Wanderparadies Dorf Tirol\",\"potentialAction\":[{\"@type\":\"SearchAction\",\"target\":{\"@type\":\"EntryPoint\",\"urlTemplate\":\"https:\\\/\\\/www.tirolerkreuz.com\\\/it\\\/?s={search_term_string}\"},\"query-input\":{\"@type\":\"PropertyValueSpecification\",\"valueRequired\":true,\"valueName\":\"search_term_string\"}}],\"inLanguage\":\"it-IT\"}]}<\/script>\n<!-- \/ Yoast SEO plugin. -->","yoast_head_json":{"title":"Colophon - Hotel Ristorante Tiroler Kreuz - Tirolo presso Merano","description":"Colophon: Hotel Ristorante Tiroler Kreuz d. Widmair Karlheinz & Co. KG - Tel.+39 0473 923 304 - via Aslago, 117 - 39019 Tirolo (BZ) - P.IVA: 01300700216","robots":{"index":"index","follow":"follow","max-snippet":"max-snippet:-1","max-image-preview":"max-image-preview:large","max-video-preview":"max-video-preview:-1"},"canonical":"https:\/\/www.tirolerkreuz.com\/it\/colophon\/","og_locale":"it_IT","og_type":"article","og_title":"Colophon - Hotel Ristorante Tiroler Kreuz - Tirolo presso Merano","og_description":"Colophon: Hotel Ristorante Tiroler Kreuz d. Widmair Karlheinz & Co. KG - Tel.+39 0473 923 304 - via Aslago, 117 - 39019 Tirolo (BZ) - P.IVA: 01300700216","og_url":"https:\/\/www.tirolerkreuz.com\/it\/colophon\/","og_site_name":"Hotel Restaurant in Dorf Tirol bei Meran: Tiroler Kreuz","article_modified_time":"2022-12-09T16:40:29+00:00","og_image":[{"width":1030,"height":687,"url":"https:\/\/www.tirolerkreuz.com\/wp-content\/uploads\/2016\/11\/tiroler-kreuz_wandern-familie-widmair.jpg","type":"image\/jpeg"}],"twitter_card":"summary_large_image","twitter_misc":{"Tempo di lettura stimato":"3 minuti"},"schema":{"@context":"https:\/\/schema.org","@graph":[{"@type":"WebPage","@id":"https:\/\/www.tirolerkreuz.com\/it\/colophon\/","url":"https:\/\/www.tirolerkreuz.com\/it\/colophon\/","name":"Colophon - Hotel Ristorante Tiroler Kreuz - Tirolo presso Merano","isPartOf":{"@id":"https:\/\/www.tirolerkreuz.com\/it\/#website"},"primaryImageOfPage":{"@id":"https:\/\/www.tirolerkreuz.com\/it\/colophon\/#primaryimage"},"image":{"@id":"https:\/\/www.tirolerkreuz.com\/it\/colophon\/#primaryimage"},"thumbnailUrl":"https:\/\/www.tirolerkreuz.com\/wp-content\/uploads\/2016\/11\/tiroler-kreuz_wandern-familie-widmair.jpg","datePublished":"2016-11-21T11:00:15+00:00","dateModified":"2022-12-09T16:40:29+00:00","description":"Colophon: Hotel Ristorante Tiroler Kreuz d. Widmair Karlheinz & Co. KG - Tel.+39 0473 923 304 - via Aslago, 117 - 39019 Tirolo (BZ) - P.IVA: 01300700216","breadcrumb":{"@id":"https:\/\/www.tirolerkreuz.com\/it\/colophon\/#breadcrumb"},"inLanguage":"it-IT","potentialAction":[{"@type":"ReadAction","target":["https:\/\/www.tirolerkreuz.com\/it\/colophon\/"]}]},{"@type":"ImageObject","inLanguage":"it-IT","@id":"https:\/\/www.tirolerkreuz.com\/it\/colophon\/#primaryimage","url":"https:\/\/www.tirolerkreuz.com\/wp-content\/uploads\/2016\/11\/tiroler-kreuz_wandern-familie-widmair.jpg","contentUrl":"https:\/\/www.tirolerkreuz.com\/wp-content\/uploads\/2016\/11\/tiroler-kreuz_wandern-familie-widmair.jpg","width":1030,"height":687,"caption":"Colophon"},{"@type":"BreadcrumbList","@id":"https:\/\/www.tirolerkreuz.com\/it\/colophon\/#breadcrumb","itemListElement":[{"@type":"ListItem","position":1,"name":"Startseite","item":"https:\/\/www.tirolerkreuz.com\/it\/benvenuti-nel-paese-di-tirolo-presso-merano\/"},{"@type":"ListItem","position":2,"name":"Colophon &#038; Privacy"}]},{"@type":"WebSite","@id":"https:\/\/www.tirolerkreuz.com\/it\/#website","url":"https:\/\/www.tirolerkreuz.com\/it\/","name":"Hotel Restaurant in Dorf Tirol bei Meran: Tiroler Kreuz","description":"Willkommen im Wanderparadies Dorf Tirol","potentialAction":[{"@type":"SearchAction","target":{"@type":"EntryPoint","urlTemplate":"https:\/\/www.tirolerkreuz.com\/it\/?s={search_term_string}"},"query-input":{"@type":"PropertyValueSpecification","valueRequired":true,"valueName":"search_term_string"}}],"inLanguage":"it-IT"}]}},"_links":{"self":[{"href":"https:\/\/www.tirolerkreuz.com\/it\/wp-json\/wp\/v2\/pages\/1229","targetHints":{"allow":["GET"]}}],"collection":[{"href":"https:\/\/www.tirolerkreuz.com\/it\/wp-json\/wp\/v2\/pages"}],"about":[{"href":"https:\/\/www.tirolerkreuz.com\/it\/wp-json\/wp\/v2\/types\/page"}],"author":[{"embeddable":true,"href":"https:\/\/www.tirolerkreuz.com\/it\/wp-json\/wp\/v2\/users\/5022"}],"replies":[{"embeddable":true,"href":"https:\/\/www.tirolerkreuz.com\/it\/wp-json\/wp\/v2\/comments?post=1229"}],"version-history":[{"count":0,"href":"https:\/\/www.tirolerkreuz.com\/it\/wp-json\/wp\/v2\/pages\/1229\/revisions"}],"wp:featuredmedia":[{"embeddable":true,"href":"https:\/\/www.tirolerkreuz.com\/it\/wp-json\/wp\/v2\/media\/1216"}],"wp:attachment":[{"href":"https:\/\/www.tirolerkreuz.com\/it\/wp-json\/wp\/v2\/media?parent=1229"}],"curies":[{"name":"wp","href":"https:\/\/api.w.org\/{rel}","templated":true}]}}